{"id":24,"date":"2016-03-03T16:46:34","date_gmt":"2016-03-03T15:46:34","guid":{"rendered":"https:\/\/www.tvj.de\/ws\/?page_id=24"},"modified":"2026-01-11T21:44:37","modified_gmt":"2026-01-11T20:44:37","slug":"vereins-info","status":"publish","type":"page","link":"https:\/\/www.tvj.de\/judo\/vereins-info\/","title":{"rendered":"Vereins-Info"},"content":{"rendered":"<p><strong><span style=\"text-decoration: underline;\">Postanschrift<\/span><\/strong><br \/>\nTV Jahn 06 e.V. Kapellen (Erft)<\/p>\n<p><strong>Gesch\u00e4ftsstelle &amp; Sportberatungsb\u00fcro :<\/strong><br \/>\nSchubertstrasse 23<br \/>\n41516 Grevenbroich-Kapellen<br \/>\nge\u00f6ffnet : montags von 16:00 &#8211; 19:00 Uhr<\/p>\n<p>Telefon : 02182-2437<strong> (Anrufbeantworter)<\/strong><\/p>\n<p><a href=\"https:\/\/www.tvj.de\/ws\/e-mail-kontakt\"><br \/>\n<\/a><strong>E-mail an den Verein?<\/strong> ein Klick gen\u00fcgt : <a href=\"mailto:%20mail@tvj.de\"><img loading=\"lazy\" decoding=\"async\" class=\"alignnone size-full wp-image-1301\" src=\"https:\/\/www.tvj.de\/judo\/wp-content\/uploads\/email-icon.png\" alt=\"email-icon\" width=\"80\" height=\"54\" \/><\/a><\/p>\n<hr \/>\n<p><img loading=\"lazy\" decoding=\"async\" class=\"alignnone size-full wp-image-798\" src=\"https:\/\/www.tvj.de\/judo\/wp-content\/uploads\/paragraf.gif\" alt=\"paragraf\" width=\"38\" height=\"45\" \/>eingetragen beim Amtsgericht M\u00f6nchengladbach<br \/>\n<strong>&#8211; Vereinsregister VR -2672 &#8211;<\/strong><br \/>\nletzter Eintrag 19.06.2017<\/p>\n<hr \/>\n<p><span style=\"text-decoration: underline;\">Bankverbindung:<\/span><br \/>\nTV Jahn 06 e.V.<\/p>\n<p><img loading=\"lazy\" decoding=\"async\" class=\"alignnone size-full wp-image-113\" src=\"https:\/\/www.tvj.de\/judo\/wp-content\/uploads\/logsparkasse.gif\" alt=\"logsparkasse\" width=\"14\" height=\"18\" \/> Sparkasse Neuss<\/p>\n<p>BIC : WELADEDNXXX<br \/>\nIBAN : DE46 3055 0000 0000 1420 00<\/p>\n<p>SEPA-Lastschrift Gl\u00e4ubiger-ID<br \/>\nDE62TVJ00000030669<\/p>\n<hr \/>\n","protected":false},"excerpt":{"rendered":"<p>Postanschrift TV Jahn 06 e.V. Kapellen (Erft) Gesch\u00e4ftsstelle &amp; Sportberatungsb\u00fcro : Schubertstrasse 23 41516 Grevenbroich-Kapellen ge\u00f6ffnet : montags von 16:00 &#8211; 19:00 Uhr Telefon : 02182-2437 (Anrufbeantworter) E-mail an den Verein? ein Klick gen\u00fcgt : eingetragen beim Amtsgericht M\u00f6nchengladbach &#8211; Vereinsregister VR -2672 &#8211; letzter Eintrag 19.06.2017 Bankverbindung: TV Jahn 06 e.V. Sparkasse Neuss BIC &#8230; <a title=\"Vereins-Info\" class=\"read-more\" href=\"https:\/\/www.tvj.de\/judo\/vereins-info\/\" aria-label=\"Mehr Informationen \u00fcber Vereins-Info\">Weiterlesen<\/a><\/p>\n","protected":false},"author":1,"featured_media":0,"parent":0,"menu_order":0,"comment_status":"closed","ping_status":"closed","template":"","meta":{"_crdt_document":"","footnotes":""},"class_list":["post-24","page","type-page","status-publish"],"_links":{"self":[{"href":"https:\/\/www.tvj.de\/judo\/wp-json\/wp\/v2\/pages\/24","targetHints":{"allow":["GET"]}}],"collection":[{"href":"https:\/\/www.tvj.de\/judo\/wp-json\/wp\/v2\/pages"}],"about":[{"href":"https:\/\/www.tvj.de\/judo\/wp-json\/wp\/v2\/types\/page"}],"author":[{"embeddable":true,"href":"https:\/\/www.tvj.de\/judo\/wp-json\/wp\/v2\/users\/1"}],"replies":[{"embeddable":true,"href":"https:\/\/www.tvj.de\/judo\/wp-json\/wp\/v2\/comments?post=24"}],"version-history":[{"count":1,"href":"https:\/\/www.tvj.de\/judo\/wp-json\/wp\/v2\/pages\/24\/revisions"}],"predecessor-version":[{"id":3131,"href":"https:\/\/www.tvj.de\/judo\/wp-json\/wp\/v2\/pages\/24\/revisions\/3131"}],"wp:attachment":[{"href":"https:\/\/www.tvj.de\/judo\/wp-json\/wp\/v2\/media?parent=24"}],"curies":[{"name":"wp","href":"https:\/\/api.w.org\/{rel}","templated":true}]}}