{"id":393,"date":"2020-10-11T11:41:56","date_gmt":"2020-10-11T09:41:56","guid":{"rendered":"https:\/\/www.tvj.de\/kt\/?page_id=393"},"modified":"2025-04-01T07:30:52","modified_gmt":"2025-04-01T05:30:52","slug":"mitgliedschaft","status":"publish","type":"page","link":"https:\/\/www.tvj.de\/kt\/mitgliedschaft\/","title":{"rendered":"Mitgliedschaft"},"content":{"rendered":"\n<p>Der Eintritt in die Abteilung Baseball ist jederzeit m\u00f6glich.<\/p>\n\n\n\n<p>Eine Aufnahmegeb\u00fchr f\u00e4llt nicht an.<\/p>\n\n\n\n<ul class=\"wp-block-list\">\n<li>Kinder bis 11 Jahre 84 Euro p.a.<\/li>\n<\/ul>\n\n\n\n<ul class=\"wp-block-list\">\n<li>Jugendliche ab 12 Jahre 96 Euro p.a.<\/li>\n<\/ul>\n\n\n\n<ul class=\"wp-block-list\">\n<li>Jugendliche ab 16 Jahre 120 Euro p.a.<\/li>\n<\/ul>\n\n\n\n<ul class=\"wp-block-list\">\n<li>Azubi\/Sch\u00fcler\/Studenten 144 Euro p.a.<\/li>\n<\/ul>\n\n\n\n<ul class=\"wp-block-list\">\n<li>Softball Jugendliche\/Erwachsene 96 Euro p.a.<\/li>\n<\/ul>\n\n\n\n<ul class=\"wp-block-list\">\n<li>Erwachsene 192 Euro p.a.<\/li>\n<\/ul>\n\n\n\n<ul class=\"wp-block-list\"><\/ul>\n\n\n\n<p><\/p>\n\n\n\n<h2 class=\"wp-block-heading\">Lastschrift<\/h2>\n\n\n\n<p>Mitgliedsbeitr\u00e4ge werden pro Halbjahr per SEPA-Lastschrift eingezogen.<\/p>\n\n\n\n<p>Die Lastschrift wird am 1. April f\u00fcr den Zeitraum Januar bis Juni d. J. und am 1. Oktober f\u00fcr den Zeitraum Juli bis Dezember d. J. ausgef\u00fchrt.<\/p>\n\n\n\n<p><\/p>\n","protected":false},"excerpt":{"rendered":"<p>Der Eintritt in die Abteilung Baseball ist jederzeit m\u00f6glich. Eine Aufnahmegeb\u00fchr f\u00e4llt nicht an. Lastschrift Mitgliedsbeitr\u00e4ge werden pro Halbjahr per SEPA-Lastschrift eingezogen. Die Lastschrift wird am 1. April f\u00fcr den Zeitraum Januar bis Juni d. J. und am 1. Oktober f\u00fcr den Zeitraum Juli bis Dezember d. J. ausgef\u00fchrt.<\/p>\n","protected":false},"author":2,"featured_media":0,"parent":0,"menu_order":0,"comment_status":"closed","ping_status":"closed","template":"","meta":{"_EventAllDay":false,"_EventTimezone":"","_EventStartDate":"","_EventEndDate":"","_EventStartDateUTC":"","_EventEndDateUTC":"","_EventShowMap":false,"_EventShowMapLink":false,"_EventURL":"","_EventCost":"","_EventCostDescription":"","_EventCurrencySymbol":"","_EventCurrencyCode":"","_EventCurrencyPosition":"","_EventDateTimeSeparator":"","_EventTimeRangeSeparator":"","_EventOrganizerID":[],"_EventVenueID":[],"_OrganizerEmail":"","_OrganizerPhone":"","_OrganizerWebsite":"","_VenueAddress":"","_VenueCity":"","_VenueCountry":"","_VenueProvince":"","_VenueState":"","_VenueZip":"","_VenuePhone":"","_VenueURL":"","_VenueStateProvince":"","_VenueLat":"","_VenueLng":"","_VenueShowMap":false,"_VenueShowMapLink":false,"footnotes":""},"class_list":["post-393","page","type-page","status-publish"],"_links":{"self":[{"href":"https:\/\/www.tvj.de\/kt\/wp-json\/wp\/v2\/pages\/393","targetHints":{"allow":["GET"]}}],"collection":[{"href":"https:\/\/www.tvj.de\/kt\/wp-json\/wp\/v2\/pages"}],"about":[{"href":"https:\/\/www.tvj.de\/kt\/wp-json\/wp\/v2\/types\/page"}],"author":[{"embeddable":true,"href":"https:\/\/www.tvj.de\/kt\/wp-json\/wp\/v2\/users\/2"}],"replies":[{"embeddable":true,"href":"https:\/\/www.tvj.de\/kt\/wp-json\/wp\/v2\/comments?post=393"}],"version-history":[{"count":10,"href":"https:\/\/www.tvj.de\/kt\/wp-json\/wp\/v2\/pages\/393\/revisions"}],"predecessor-version":[{"id":669,"href":"https:\/\/www.tvj.de\/kt\/wp-json\/wp\/v2\/pages\/393\/revisions\/669"}],"wp:attachment":[{"href":"https:\/\/www.tvj.de\/kt\/wp-json\/wp\/v2\/media?parent=393"}],"curies":[{"name":"wp","href":"https:\/\/api.w.org\/{rel}","templated":true}]}}