{"id":646,"date":"2025-03-31T14:48:13","date_gmt":"2025-03-31T12:48:13","guid":{"rendered":"https:\/\/www.tvj.de\/kt\/?page_id=646"},"modified":"2026-04-11T15:31:07","modified_gmt":"2026-04-11T13:31:07","slug":"teams-allgemein","status":"publish","type":"page","link":"https:\/\/www.tvj.de\/kt\/teams-allgemein\/","title":{"rendered":"Allgemein"},"content":{"rendered":"\n<p>W\u00e4hrend ihres langj\u00e4hrigen Bestehens wurden bei den Turtles bereits zahlreiche Teams erfolgreich trainiert.<\/p>\n\n\n\n<p><span style=\"box-sizing: border-box; margin: 0px; padding: 0px;\">Dazu z\u00e4hlen&nbsp;<strong>Herrenmannschaften<\/strong>, welche es bis in die Landsliga geschafft haben, als auch&nbsp;<strong>Jugend-<\/strong><\/span><strong> und Juniorenmannschaften, die dem Erfolg der Herren in nichts nachstehen.<\/strong><\/p>\n\n\n\n<p>Das <strong>Sommertraining (April \u2013 September) <\/strong>findet auf der <a href=\"https:\/\/www.tvj.de\/kt\/kontaktdaten\/\" data-type=\"page\" data-id=\"489\" target=\"_blank\" rel=\"noreferrer noopener\">Baseballanlage in <strong>Barrenstein<\/strong><\/a><strong> <\/strong>statt.<\/p>\n\n\n\n<p>Das <strong>Wintertraining (nach den Herbstferien) <\/strong>findet in der <a href=\"https:\/\/www.tvj.de\/kt\/kontaktdaten\/\" data-type=\"page\" data-id=\"489\" target=\"_blank\" rel=\"noreferrer noopener\">Dreifachsporthalle des <strong>Pascal-Gymnasiums<\/strong><\/a> statt.<\/p>\n\n\n\n<p>Die Trainings sind <strong>offen <\/strong>\u2013 das hei\u00dft, <strong>jede<em>r, egal ob Kind oder Erwachsene<\/em>r,<\/strong> der Interesse hat, ist herzlich eingeladen teilzunehmen und mitzutrainieren.<\/p>\n\n\n\n<h2 class=\"wp-block-heading\">Kinderteam<\/h2>\n\n\n\n<p>Das Training der Kindermannschaft ist aufgeteilt in Sommer- und Wintertraining.<\/p>\n\n\n\n<p><a href=\"https:\/\/www.tvj.de\/kt\/kindermannschaft\/\" data-type=\"page\" data-id=\"712\">Weitere Infos zum Kinderteam hier &#8230;.<\/a><\/p>\n\n\n\n<h2 class=\"wp-block-heading\">Jugend- und Erwachsenenteam<\/h2>\n\n\n\n<p><span style=\"box-sizing: border-box; margin: 0px; padding: 0px;\">Das Training des Jugend- und Erwachsenenteams, zu welchem die Herrenmannschaft z\u00e4hlt, ist aufgeteilt in Sommer- und Wintertraining.<\/span><\/p>\n\n\n\n<p><a href=\"https:\/\/www.tvj.de\/kt\/bezirksliga-herren-2025\/\" data-type=\"page\" data-id=\"411\">Weitere Infos zum Jugend- und Erwachsenenteam hier &#8230;<\/a><\/p>\n\n\n\n<p><a href=\"https:\/\/www.tvj.de\/kt\/kontaktdaten\/\" data-type=\"page\" data-id=\"489\">Kontaktiere uns<\/a>, da gerade bei gutem Wetter im Fr\u00fchling das Training kurzfristig auf die Baseballanlage Barrenstein (Kapetown) verlegt werden kann.<\/p>\n\n\n\n<p><a href=\"https:\/\/www.tvj.de\/kt\/e-mail-an-uns\/\" data-type=\"page\" data-id=\"79\">Klick hier, um uns eine Nachricht zu schreiben.<\/a><\/p>\n\n\n\n<p><\/p>\n\n\n\n<p><\/p>\n","protected":false},"excerpt":{"rendered":"<p>W\u00e4hrend ihres langj\u00e4hrigen Bestehens wurden bei den Turtles bereits zahlreiche Teams erfolgreich trainiert. Dazu z\u00e4hlen&nbsp;Herrenmannschaften, welche es bis in die Landsliga geschafft haben, als auch&nbsp;Jugend- und Juniorenmannschaften, die dem Erfolg der Herren in nichts nachstehen. Das Sommertraining (April \u2013 September) findet auf der Baseballanlage in Barrenstein statt. Das Wintertraining (nach den Herbstferien) findet in der &#8230; <a title=\"Allgemein\" class=\"read-more\" href=\"https:\/\/www.tvj.de\/kt\/teams-allgemein\/\" aria-label=\"Mehr bei Allgemein\">Weiterlesen &#8230;<\/a><\/p>\n","protected":false},"author":2,"featured_media":0,"parent":0,"menu_order":0,"comment_status":"closed","ping_status":"closed","template":"","meta":{"_EventAllDay":false,"_EventTimezone":"","_EventStartDate":"","_EventEndDate":"","_EventStartDateUTC":"","_EventEndDateUTC":"","_EventShowMap":false,"_EventShowMapLink":false,"_EventURL":"","_EventCost":"","_EventCostDescription":"","_EventCurrencySymbol":"","_EventCurrencyCode":"","_EventCurrencyPosition":"","_EventDateTimeSeparator":"","_EventTimeRangeSeparator":"","_EventOrganizerID":[],"_EventVenueID":[],"_OrganizerEmail":"","_OrganizerPhone":"","_OrganizerWebsite":"","_VenueAddress":"","_VenueCity":"","_VenueCountry":"","_VenueProvince":"","_VenueState":"","_VenueZip":"","_VenuePhone":"","_VenueURL":"","_VenueStateProvince":"","_VenueLat":"","_VenueLng":"","_VenueShowMap":false,"_VenueShowMapLink":false,"footnotes":""},"class_list":["post-646","page","type-page","status-publish"],"_links":{"self":[{"href":"https:\/\/www.tvj.de\/kt\/wp-json\/wp\/v2\/pages\/646","targetHints":{"allow":["GET"]}}],"collection":[{"href":"https:\/\/www.tvj.de\/kt\/wp-json\/wp\/v2\/pages"}],"about":[{"href":"https:\/\/www.tvj.de\/kt\/wp-json\/wp\/v2\/types\/page"}],"author":[{"embeddable":true,"href":"https:\/\/www.tvj.de\/kt\/wp-json\/wp\/v2\/users\/2"}],"replies":[{"embeddable":true,"href":"https:\/\/www.tvj.de\/kt\/wp-json\/wp\/v2\/comments?post=646"}],"version-history":[{"count":22,"href":"https:\/\/www.tvj.de\/kt\/wp-json\/wp\/v2\/pages\/646\/revisions"}],"predecessor-version":[{"id":943,"href":"https:\/\/www.tvj.de\/kt\/wp-json\/wp\/v2\/pages\/646\/revisions\/943"}],"wp:attachment":[{"href":"https:\/\/www.tvj.de\/kt\/wp-json\/wp\/v2\/media?parent=646"}],"curies":[{"name":"wp","href":"https:\/\/api.w.org\/{rel}","templated":true}]}}