{"id":712,"date":"2025-04-26T03:35:36","date_gmt":"2025-04-26T01:35:36","guid":{"rendered":"https:\/\/www.tvj.de\/kt\/?page_id=712"},"modified":"2026-04-13T09:24:22","modified_gmt":"2026-04-13T07:24:22","slug":"kindermannschaft","status":"publish","type":"page","link":"https:\/\/www.tvj.de\/kt\/kindermannschaft\/","title":{"rendered":"U12 Team"},"content":{"rendered":"\n<p><span style=\"box-sizing: border-box; margin: 0px; padding: 0px;\">Das Training des gemischten <\/span>U12 Teams ist aufgeteilt in Sommer- und Wintertraining.<\/p>\n\n\n\n<p>Das <strong>Sommertraining<\/strong> (April &#8211; September) findet donnerstags von 17:30 bis 19:00 Uhr auf der Baseballanlage in Barrenstein (Kapetown) statt.<\/p>\n\n\n\n<p>Anfahrt: <a href=\"https:\/\/www.tvj.de\/kt\/kontaktdaten\/\" data-type=\"link\" data-id=\"https:\/\/www.tvj.de\/kt\/kontaktdaten\/\" target=\"_blank\" rel=\"noreferrer noopener\">Baseballanlage in Barrenstein (Kapetown)<\/a><\/p>\n\n\n\n<p>Das <strong>Wintertraining<\/strong> (Oktober, nach den Herbstferien &#8211; April) findet in der Dreifachsporthalle des Pascal-Gymnasiums (Ballhalla) statt.<\/p>\n\n\n\n<p>Anfahrt: <a href=\"https:\/\/www.tvj.de\/kt\/kontaktdaten\/\" data-type=\"link\" data-id=\"https:\/\/www.tvj.de\/kt\/kontaktdaten\/\" target=\"_blank\" rel=\"noreferrer noopener\">Dreifachsporthalle Pascal-Gymnasium (Ballhalla)<\/a><\/p>\n\n\n\n<p>Nat\u00fcrlich k\u00f6nnen deine Eltern mitkommen und dich unterst\u00fctzen und anfeuern, und deine Freunde sind auch herzlich eingeladen, mitzutrainieren.<\/p>\n\n\n\n<p>Bringe bitte etwas zu trinken mit.<\/p>\n\n\n\n<p><strong>Crush<\/strong>, unser Maskottchen, freut sich auf dich.<\/p>\n\n\n<div class=\"wp-block-image\">\n<figure class=\"aligncenter size-large is-resized\"><img loading=\"lazy\" decoding=\"async\" width=\"596\" height=\"1024\" src=\"https:\/\/www.tvj.de\/kt\/wp-content\/uploads\/Turtle.fw_-596x1024.png\" alt=\"Ich bin Crush.\" class=\"wp-image-713\" style=\"width:346px;height:auto\" srcset=\"https:\/\/www.tvj.de\/kt\/wp-content\/uploads\/Turtle.fw_-596x1024.png 596w, https:\/\/www.tvj.de\/kt\/wp-content\/uploads\/Turtle.fw_-175x300.png 175w, https:\/\/www.tvj.de\/kt\/wp-content\/uploads\/Turtle.fw_-768x1320.png 768w, https:\/\/www.tvj.de\/kt\/wp-content\/uploads\/Turtle.fw_-894x1536.png 894w, https:\/\/www.tvj.de\/kt\/wp-content\/uploads\/Turtle.fw_-1191x2048.png 1191w, https:\/\/www.tvj.de\/kt\/wp-content\/uploads\/Turtle.fw_.png 1904w\" sizes=\"auto, (max-width: 596px) 100vw, 596px\" \/><\/figure>\n<\/div>\n\n\n<p><\/p>\n","protected":false},"excerpt":{"rendered":"<p>Das Training des gemischten U12 Teams ist aufgeteilt in Sommer- und Wintertraining. Das Sommertraining (April &#8211; September) findet donnerstags von 17:30 bis 19:00 Uhr auf der Baseballanlage in Barrenstein (Kapetown) statt. Anfahrt: Baseballanlage in Barrenstein (Kapetown) Das Wintertraining (Oktober, nach den Herbstferien &#8211; April) findet in der Dreifachsporthalle des Pascal-Gymnasiums (Ballhalla) statt. Anfahrt: Dreifachsporthalle Pascal-Gymnasium &#8230; <a title=\"U12 Team\" class=\"read-more\" href=\"https:\/\/www.tvj.de\/kt\/kindermannschaft\/\" aria-label=\"Mehr bei U12 Team\">Weiterlesen &#8230;<\/a><\/p>\n","protected":false},"author":2,"featured_media":0,"parent":0,"menu_order":0,"comment_status":"closed","ping_status":"closed","template":"","meta":{"_EventAllDay":false,"_EventTimezone":"","_EventStartDate":"","_EventEndDate":"","_EventStartDateUTC":"","_EventEndDateUTC":"","_EventShowMap":false,"_EventShowMapLink":false,"_EventURL":"","_EventCost":"","_EventCostDescription":"","_EventCurrencySymbol":"","_EventCurrencyCode":"","_EventCurrencyPosition":"","_EventDateTimeSeparator":"","_EventTimeRangeSeparator":"","_EventOrganizerID":[],"_EventVenueID":[],"_OrganizerEmail":"","_OrganizerPhone":"","_OrganizerWebsite":"","_VenueAddress":"","_VenueCity":"","_VenueCountry":"","_VenueProvince":"","_VenueState":"","_VenueZip":"","_VenuePhone":"","_VenueURL":"","_VenueStateProvince":"","_VenueLat":"","_VenueLng":"","_VenueShowMap":false,"_VenueShowMapLink":false,"footnotes":""},"class_list":["post-712","page","type-page","status-publish"],"_links":{"self":[{"href":"https:\/\/www.tvj.de\/kt\/wp-json\/wp\/v2\/pages\/712","targetHints":{"allow":["GET"]}}],"collection":[{"href":"https:\/\/www.tvj.de\/kt\/wp-json\/wp\/v2\/pages"}],"about":[{"href":"https:\/\/www.tvj.de\/kt\/wp-json\/wp\/v2\/types\/page"}],"author":[{"embeddable":true,"href":"https:\/\/www.tvj.de\/kt\/wp-json\/wp\/v2\/users\/2"}],"replies":[{"embeddable":true,"href":"https:\/\/www.tvj.de\/kt\/wp-json\/wp\/v2\/comments?post=712"}],"version-history":[{"count":13,"href":"https:\/\/www.tvj.de\/kt\/wp-json\/wp\/v2\/pages\/712\/revisions"}],"predecessor-version":[{"id":944,"href":"https:\/\/www.tvj.de\/kt\/wp-json\/wp\/v2\/pages\/712\/revisions\/944"}],"wp:attachment":[{"href":"https:\/\/www.tvj.de\/kt\/wp-json\/wp\/v2\/media?parent=712"}],"curies":[{"name":"wp","href":"https:\/\/api.w.org\/{rel}","templated":true}]}}