{"id":79,"date":"2019-12-04T18:48:59","date_gmt":"2019-12-04T17:48:59","guid":{"rendered":"https:\/\/www.tvj.de\/kt\/?page_id=79"},"modified":"2025-03-31T18:54:08","modified_gmt":"2025-03-31T16:54:08","slug":"e-mail-an-uns","status":"publish","type":"page","link":"https:\/\/www.tvj.de\/kt\/e-mail-an-uns\/","title":{"rendered":"E-mail an uns"},"content":{"rendered":"\n<div class=\"wpcf7 no-js\" id=\"wpcf7-f78-o1\" lang=\"de-DE\" dir=\"ltr\" data-wpcf7-id=\"78\">\n<div class=\"screen-reader-response\"><p role=\"status\" aria-live=\"polite\" aria-atomic=\"true\"><\/p> <ul><\/ul><\/div>\n<form action=\"\/kt\/wp-json\/wp\/v2\/pages\/79#wpcf7-f78-o1\" method=\"post\" class=\"wpcf7-form init\" aria-label=\"Kontaktformular\" novalidate=\"novalidate\" data-status=\"init\">\n<fieldset class=\"hidden-fields-container\"><input type=\"hidden\" name=\"_wpcf7\" value=\"78\" \/><input type=\"hidden\" name=\"_wpcf7_version\" value=\"6.1.5\" \/><input type=\"hidden\" name=\"_wpcf7_locale\" value=\"de_DE\" \/><input type=\"hidden\" name=\"_wpcf7_unit_tag\" value=\"wpcf7-f78-o1\" \/><input type=\"hidden\" name=\"_wpcf7_container_post\" value=\"0\" \/><input type=\"hidden\" name=\"_wpcf7_posted_data_hash\" value=\"\" \/>\n<\/fieldset>\n<p><label> Ihr Name (Pflichtfeld)<br \/>\n<span class=\"wpcf7-form-control-wrap\" data-name=\"your-name\"><input size=\"40\" maxlength=\"400\" class=\"wpcf7-form-control wpcf7-text wpcf7-validates-as-required\" aria-required=\"true\" aria-invalid=\"false\" value=\"\" type=\"text\" name=\"your-name\" \/><\/span> <\/label>\n<\/p>\n<p><label> Ihre E-Mail-Adresse (Pflichtfeld)<br \/>\n<span class=\"wpcf7-form-control-wrap\" data-name=\"your-email\"><input size=\"40\" maxlength=\"400\" class=\"wpcf7-form-control wpcf7-email wpcf7-validates-as-required wpcf7-text wpcf7-validates-as-email\" aria-required=\"true\" aria-invalid=\"false\" value=\"\" type=\"email\" name=\"your-email\" \/><\/span> <\/label>\n<\/p>\n<p><label> Betreff<br \/>\n<span class=\"wpcf7-form-control-wrap\" data-name=\"your-subject\"><input size=\"40\" maxlength=\"400\" class=\"wpcf7-form-control wpcf7-text\" aria-invalid=\"false\" value=\"\" type=\"text\" name=\"your-subject\" \/><\/span> <\/label>\n<\/p>\n<p><label> Ihre Nachricht an uns<br \/>\n<span class=\"wpcf7-form-control-wrap\" data-name=\"your-message\"><textarea cols=\"40\" rows=\"10\" maxlength=\"2000\" class=\"wpcf7-form-control wpcf7-textarea\" aria-invalid=\"false\" name=\"your-message\"><\/textarea><\/span> <\/label>\n<\/p>\n<p><input class=\"wpcf7-form-control wpcf7-submit has-spinner\" type=\"submit\" value=\"Senden\" \/>\n<\/p><div class=\"wpcf7-response-output\" aria-hidden=\"true\"><\/div>\n<\/form>\n<\/div>\n\n\n\n<p><img loading=\"lazy\" decoding=\"async\" width=\"30\" height=\"35\" class=\"wp-image-201\" style=\"width: 30px;\" src=\"https:\/\/www.tvj.de\/kt\/wp-content\/uploads\/ssl-logo.jpg\" alt=\"\">   Wir nutzen SSL-Zertifikate von STRATO und zus\u00e4tzlich Perfect Forward Secrecy \u2013<br>ein als abh\u00f6rsicher geltender Verschl\u00fcsselungsstandard, der bei uns auch zur \u00dcbertragung von E-Mails zum Einsatz kommt.<\/p>\n\n\n\n<p><strong>Datenschutz:<\/strong> Ihre personenbezogenen Daten werden gespeichert und nach Bearbeitung Ihrer Mitteilung gel\u00f6scht.<\/p>\n","protected":false},"excerpt":{"rendered":"<p>Wir nutzen SSL-Zertifikate von STRATO und zus\u00e4tzlich Perfect Forward Secrecy \u2013ein als abh\u00f6rsicher geltender Verschl\u00fcsselungsstandard, der bei uns auch zur \u00dcbertragung von E-Mails zum Einsatz kommt. Datenschutz: Ihre personenbezogenen Daten werden gespeichert und nach Bearbeitung Ihrer Mitteilung gel\u00f6scht.<\/p>\n","protected":false},"author":1,"featured_media":0,"parent":0,"menu_order":0,"comment_status":"closed","ping_status":"closed","template":"","meta":{"_EventAllDay":false,"_EventTimezone":"","_EventStartDate":"","_EventEndDate":"","_EventStartDateUTC":"","_EventEndDateUTC":"","_EventShowMap":false,"_EventShowMapLink":false,"_EventURL":"","_EventCost":"","_EventCostDescription":"","_EventCurrencySymbol":"","_EventCurrencyCode":"","_EventCurrencyPosition":"","_EventDateTimeSeparator":"","_EventTimeRangeSeparator":"","_EventOrganizerID":[],"_EventVenueID":[],"_OrganizerEmail":"","_OrganizerPhone":"","_OrganizerWebsite":"","_VenueAddress":"","_VenueCity":"","_VenueCountry":"","_VenueProvince":"","_VenueState":"","_VenueZip":"","_VenuePhone":"","_VenueURL":"","_VenueStateProvince":"","_VenueLat":"","_VenueLng":"","_VenueShowMap":false,"_VenueShowMapLink":false,"footnotes":""},"class_list":["post-79","page","type-page","status-publish"],"_links":{"self":[{"href":"https:\/\/www.tvj.de\/kt\/wp-json\/wp\/v2\/pages\/79","targetHints":{"allow":["GET"]}}],"collection":[{"href":"https:\/\/www.tvj.de\/kt\/wp-json\/wp\/v2\/pages"}],"about":[{"href":"https:\/\/www.tvj.de\/kt\/wp-json\/wp\/v2\/types\/page"}],"author":[{"embeddable":true,"href":"https:\/\/www.tvj.de\/kt\/wp-json\/wp\/v2\/users\/1"}],"replies":[{"embeddable":true,"href":"https:\/\/www.tvj.de\/kt\/wp-json\/wp\/v2\/comments?post=79"}],"version-history":[{"count":1,"href":"https:\/\/www.tvj.de\/kt\/wp-json\/wp\/v2\/pages\/79\/revisions"}],"predecessor-version":[{"id":634,"href":"https:\/\/www.tvj.de\/kt\/wp-json\/wp\/v2\/pages\/79\/revisions\/634"}],"wp:attachment":[{"href":"https:\/\/www.tvj.de\/kt\/wp-json\/wp\/v2\/media?parent=79"}],"curies":[{"name":"wp","href":"https:\/\/api.w.org\/{rel}","templated":true}]}}